{"id":2709,"date":"2018-04-10T12:19:11","date_gmt":"2018-04-10T10:19:11","guid":{"rendered":"https:\/\/bioherbarium.com\/blog\/?page_id=2709"},"modified":"2018-04-24T21:09:51","modified_gmt":"2018-04-24T19:09:51","slug":"ingredientes-toxicos-cosmetica","status":"publish","type":"page","link":"https:\/\/bioherbarium.com\/blog\/ingredientes-toxicos-cosmetica\/","title":{"rendered":"INGREDIENTES T\u00d3XICOS EN COSM\u00c9TICA"},"content":{"rendered":"<h2>LISTA DE INGREDIENTES T\u00d3XICOS EN MAQUILLAJE Y COSM\u00c9TICA<\/h2>\n<div class=\"list-unacceptable\">\n<div>\n<h3><\/h3>\n<h3>\u00c9sta es la lista actualizada y completa de todos los ingredientes t\u00f3xicos habitualmente usados en la cosm\u00e9tica convencional. Inspecciona las f\u00f3rmulas: un producto BIO, con el sello Ecocert o un sello org\u00e1nico reconocido no debe contenerlos. La lista est\u00e1 en ingl\u00e9s pues la maor\u00eda de listas de ingredientes utilizan esta lengua. Si deseas ver un resumen m\u00e1s visual de algunos de los ingredientes t\u00f3xicos m\u00e1s usados y del ingrediente que le sustituye en cosm\u00e9tica ecol\u00f3gica, pincha aqu\u00ed. <a href=\"https:\/\/bioherbarium.com\/blog\/maquillaje-sin-toxicos\/\">Saber m\u00e1s sobre maquillaje sin t\u00f3xicos<\/a><\/h3>\n<div><\/div>\n<div class=\"three-col\">C12-15 alkyl lactate<br \/>\n1,2 hexanediol<br \/>\n2-carboxy-1methylpyridinium chloride<br \/>\nAA2G-Ascorbyl Glucoside<br \/>\nacetamide MEA<br \/>\nacetone<br \/>\nacrylates copolymer<br \/>\nacrylic acid\/vp crosspolymer<br \/>\naerosol sprays<br \/>\nalcloxa<br \/>\naldioxa<br \/>\nalkyl benzoate<br \/>\nalkyldimethylamine oxide<br \/>\nalpha arbutin<br \/>\naluminum chlorohydrate<br \/>\naluminum glycinate<br \/>\naluminum hydroxide<br \/>\naluminum oxide<br \/>\naluminum powder<br \/>\namino-guanadine<br \/>\naminomethyl propanol<br \/>\nAminopropyl Ascorbyl Phosphate<br \/>\nammonia<br \/>\nammonium alum<br \/>\nammonium laureth sulfate<br \/>\nammonium lauryl sulfate<br \/>\nammonium polacrylate<br \/>\nammonium xylene sulfonate<br \/>\nAMP<br \/>\nArbutin<br \/>\nartificial colors<br \/>\natelocollagen<br \/>\navobenzone<br \/>\nbabassuamidopropalkonium chloride<br \/>\nbabassuamidopropyl betaine<br \/>\nbehenalkonium chloride<br \/>\nbehenamidopropyl hydroxyethyl dimonium chloride<br \/>\nbehenoxy dimethicone<br \/>\nbenzalkonium chloride<br \/>\nbenzethonium chloride<br \/>\nbenzocaine<br \/>\nbenzophenone<br \/>\nbenzyl PCA<br \/>\nbetaine<br \/>\nBHA (butylated hydroxyanisole)<br \/>\nBHT (butylated hydroxytoluene)<br \/>\nBis Diglyceryl Polyacyladipate-2<br \/>\nBis-Behenyl\/Isostearyl\/Phytosteryl Dimer Dilinoleyl Dimer Dilinoleate<br \/>\nbismuth oxychloride<br \/>\nBlue WS 1430<br \/>\nboron nitride<br \/>\nBrassicamidopropyl Dimethylamine<br \/>\nbronopol<br \/>\nbumetrizole<br \/>\nButyl methoxydibenzoylmethane<br \/>\nbutylene glycol<br \/>\nbutylene\/ethylene\/styrene copolymer<br \/>\nbutylparaben<br \/>\nButylphenyl methylpropianol<br \/>\nC 11-15 Pareth 12<br \/>\nC 12-14 Olefin Sulfonate<br \/>\nC 12-15 Alkyl octanoate<br \/>\nC 13-14 Isoparaffin<br \/>\nC12-20 Acid PEG-8 Ester<br \/>\nC18-38 alkyl hydroxystearol stearate<br \/>\nCalcium Aluminum Borosilicate Silica<br \/>\ncapryl isostearate<br \/>\nCaprylic\/Capric Triglyceride (and) Diacetyl Boldine<br \/>\nCarbowax (see polyethylene glycol)<br \/>\ncarmine<br \/>\ncastor oil\/IPDI copolymer<br \/>\nCastoryl maleate<br \/>\nCDE (see cocomide DEA)<br \/>\nceramide 2, 3<br \/>\nceresin<br \/>\ncertified colors<br \/>\nceteareth 2 \u00c0 100<br \/>\nceteareth 5 \u2013 20<br \/>\nCetearyl Ethylhexanote<br \/>\ncetearyl isononanoate<br \/>\ncetearyl methicone<br \/>\nCeteth -20 Phosphate<br \/>\ncetrimonium bromide<br \/>\ncetyl betaine<br \/>\nCetylpyridinium Chloride<\/div>\n<\/div>\n<div>\n<div class=\"three-col\">chlorphenesin<br \/>\nCinnamidopropyltrimonium chloride<br \/>\nCocamide DEA<br \/>\nCocamide MEA<br \/>\ncocamide MIPA<br \/>\ncocamidopropyl pg-dimonium chloride<br \/>\ncocamidopropyl PG-dimonium chloride phosphate<br \/>\nCocamidopropylamine Oxide<br \/>\ncocamine oxide<br \/>\ncochineal<br \/>\ncoco betaine<br \/>\ncoco phosphatidyl pg-dimonium chloride<br \/>\nCocoamphocarboxyglycinate<br \/>\nCocodimonium Hydroxypropyl Hydrolyzed Rice Protein<br \/>\ncolloidal anhydrous silica<br \/>\ncolloidal minerals<br \/>\ncolloidal silver<br \/>\nCopolymer<br \/>\nCopper disodium EDTA<br \/>\ncorn glycol<br \/>\nCyclomethicone<br \/>\nCyclopentasiloxane<br \/>\ncyclotetrasiloxane<br \/>\ndiazolidinyl urea<br \/>\ndicaprylyl carbonate<br \/>\ndicaprylyl ether<br \/>\ndicetyldimonium chloride<br \/>\ndiethanolamine (DEA)<br \/>\ndihydroxyacetone<br \/>\ndiisopropyl dimerate<br \/>\nDiisostearyl Malate<br \/>\ndimethicone copolyol<br \/>\ndimethicone crosspolymer-3<br \/>\nDimethicone glycereth-2 cocoate<br \/>\ndimethyl capramide<br \/>\nDimethyl oxobenzo dioasilane<br \/>\nDimethyl Phenyl 2-Butanol<br \/>\ndimethylmethoxy chromanyl palmitate<br \/>\ndimethylpolysiloxane<br \/>\ndioctyl sodium sulfosuccinate (DSS)<br \/>\ndipalmitoyl hydroxyproline<br \/>\nDipentaerythrityl<br \/>\ndipetaerythrityl hexahydroxystearate\/hexastearate\/hex arosinate<br \/>\ndipolyhydroxystearate<br \/>\ndipropylene glycol<br \/>\ndisodium EDTA<br \/>\nDisodium laureth sulfosuccinate<br \/>\ndisodium oleamido succinate<br \/>\nDistarch Phospate Acetate<br \/>\ndistearate 75<br \/>\nDisteardimonium Hectoride<br \/>\nDMDM hydantoin<br \/>\nEDTA<br \/>\nEGMS<br \/>\nemu oil<br \/>\nEquine oil<br \/>\nethoxydiglycol<br \/>\nethoxydiglycol oleate<br \/>\nEthyhexyl Methoxycrylene<br \/>\nethyl acetate<br \/>\nethyl diglycol (see polyethylene glycol)<br \/>\nethyl methoxycinnamate<br \/>\nethyl vanillin<br \/>\nethylene glycol<br \/>\nEthylhexyl isononanoate<br \/>\nEthylhexyl Methoxycrylene<br \/>\nEthylyhexyl Salicylate<br \/>\nFD &amp; C colors<br \/>\nfragrance, synthetic (botanical fragrance, parfum, etc.)<br \/>\nformaldehyde<br \/>\nFullerenes<br \/>\ngelatin<br \/>\ngermaben<br \/>\ngermall<br \/>\nGlycereth-2 cocoate<br \/>\nGlycereth-26<br \/>\nglycereth-7 cocoate<br \/>\nGlyceryl (tetradecanoate\/hexadecanoate\/octade canoate\/ricinoleate\/eicosadioate)<br \/>\nglyceryl isostearate<br \/>\nglyceryl polyacrylate<br \/>\nGlyceryl rosinate<br \/>\nGuaiazulene<br \/>\nHexadecanol<br \/>\nHexadecyl Isononanoate<br \/>\nHexahydroxystearate\/ Hexastearate\/Hexarosinate<\/div>\n<\/div>\n<div>\n<div class=\"three-col\">hexyl laurate<br \/>\nhexylene glycol<br \/>\nhomosalate<br \/>\nhuman placental protein<br \/>\nHydrogenated Polydecene<br \/>\nHydrolyzed Vegetable Protein PG- Propyl Silanetriol<br \/>\nhydroquinone<br \/>\nhydrotalcite<br \/>\nHydroxyethyl Acrylate\/Sodium Acryloyldimethyl Taurate Copolymer<br \/>\nHydroxyethyl Soyamide<br \/>\nHydroxyethyl urea<br \/>\nHydroxypropyl Polysiloxane<br \/>\nHydroxypropyltrimonium Honey<br \/>\nimidazolidinyl urea<br \/>\niodopropynyl butylcarbamate<br \/>\nIPDI<br \/>\nIsobutane<br \/>\nIsoceteth-20<br \/>\nisocetyl isostearate<br \/>\nIsocetyl Stearate<br \/>\nIsododecane<br \/>\nIsohexadecane<br \/>\nIsononyl Isononanoate<br \/>\nIsopentane<br \/>\nisopentyldiol<br \/>\nisopropyl methylphenol<br \/>\nisopropyl myristate<br \/>\nIsopropyl phenyl dimethicone<br \/>\nIsopropyl Titanium Triisostearate<br \/>\nIsostearyl Isostearate<br \/>\nkojic acid<br \/>\nlactamidopropyl trimonium chloride<br \/>\nLauramide MEA<br \/>\nLauramidopropylamine Oxide<br \/>\nLaureth-7<br \/>\nlaurethsulfosuccinate<br \/>\nLauryl Amidopropyl Betaine<br \/>\nLauryl betaine<br \/>\nlauryl glucoside betaine<br \/>\nMagnesium Aluminum Silicate<br \/>\nMagnesium Myristate<br \/>\nMEA-containing ingredients<br \/>\nMelanin<br \/>\nmethoxycinnamate<br \/>\nMethyl Gluceth-10<br \/>\nmethyl glyceth-20<br \/>\nmethyl glycol<br \/>\nmethyl nicotinate<br \/>\nMethyl Propanediol<br \/>\nmethyl rapeseed extract<br \/>\nMethyl soyate<br \/>\nmethylchloroisothiazolinone<br \/>\nmethylisothiazolinone<br \/>\nmethylparaben<br \/>\nmethylsilanol mannuronate<br \/>\nmicrocrystalline wax<br \/>\nmineral oil<br \/>\nmyristic acid<br \/>\nmyristyl alcohol<br \/>\nmyristyl ether sulfate<br \/>\nMyristyl Lactate<br \/>\nmyristyl myristate<br \/>\nnanotechnology ingredients<br \/>\nnitrocellulose<br \/>\nnonoxynol 10<br \/>\nNylon-12<br \/>\noctadecanol<br \/>\noctinoxate<br \/>\noctisalate<br \/>\noctocrylene<br \/>\nOctyl dimethyl PABA<br \/>\nOctyl Dodecyl Neopentanoate<br \/>\noctyl methoxycinnamate<br \/>\nOctyldecanol<br \/>\nOctyldodecanol<br \/>\nOleamidopropyl dimethylamine<br \/>\nOlefin Sulfonate<br \/>\noleth (2-50)<br \/>\noleth-20<br \/>\noleth-3-phosphate<br \/>\nOleyl Oleate<br \/>\noxybenzone<br \/>\nP-phenylenediamine<br \/>\nPABA (Para-Aminobenzoic Acid<br \/>\nPalmitoyl dipeptide-5 diaminobutyloyl hydroxythreonine<br \/>\nPalmitoyl dipeptide-5 diaminohydroxybutylrate<\/div>\n<\/div>\n<div>\n<div class=\"three-col\">panthenyl ethyl ether<br \/>\npanthenyl triacetate<br \/>\nPara-Aminobenzoic Acid (see PABA)<br \/>\nparabens<br \/>\nparaphenylenediamine<br \/>\nparfum<br \/>\nparsol<br \/>\nPCA-ethyl cocoyl arginate<br \/>\npearl powder<br \/>\nPEG (see polyethylene glycol)<br \/>\nPEG 35 (stearate) castor oil<br \/>\nPEG-10 Sunflower Glycerides<br \/>\nPEG-120 Methyl Glucose Dioleate<br \/>\nPEG-150 distearate<br \/>\nPEG-150 Pentaerythrityl Tetrastearate<br \/>\nPEG-20 glyceryl triisostearate<br \/>\nPEG-20, 100 stearate<br \/>\nPEG-40 hydrogenated castor oil<br \/>\nPeg-55 Propylene Glycol Oleate<br \/>\nPEG-6 Caprylic\/Capric glycerides<br \/>\nPEG-7 Glyceryl Cocoate<br \/>\nPEG\/PPG-20\/15 dimethicone<br \/>\npentaerythrityl distearate<br \/>\nPentaerythrityl Tetra-di-t-butyl Hydroxyhydrocinnamate<br \/>\nPentaerythrityl Tetra-Di-T-Butyl Hydroxyhydrocinnamate<br \/>\nPentaerythrityl Tetraisostearate<br \/>\npentaerythrityl tetrastearate<br \/>\nPentasodium Pentetate<br \/>\npentylene glycol<br \/>\nPerflouroisohexane<br \/>\npetrolatum<br \/>\nphenyl-butyl-nitrate<br \/>\nphenylbenzimidazole-5-sulfonic acid<br \/>\nPhenylpropanol<br \/>\nphenyltrimethicone<br \/>\nphthalate<br \/>\nplacental protein<br \/>\npolaxamer 335<br \/>\npolyacrylamide<br \/>\nPolyacrylate-13<br \/>\nPolybutene<br \/>\nPolydecene<br \/>\nPolyethylene<br \/>\npolyethylene glycol (PEG)<br \/>\nPolyglyceryl -10 Behenate\/Eicosadioate<br \/>\npolyglyceryl -2 dipolyhydroxystearate<br \/>\nPolyglyceryl Methacrylate<br \/>\npolyglyceryl-3 diisostearate<br \/>\nPolyglyceryl-3 Polyricinoleate<br \/>\npolyglyceryl-3 stearate<br \/>\nPolyglyceryl-4 Isostearate<br \/>\npolyimide 1<br \/>\npolyisobutene<br \/>\npolypropylene glycol<br \/>\nPolyquaternium 7, 10, 11<br \/>\nPolyquaternium-51<br \/>\npolysilicone-11, -15<br \/>\nPolyurethane-14<br \/>\npolyvinylpyrrolidone<br \/>\npotassium alum<br \/>\nPotassium C12-13 Alkyl Phosphate<br \/>\npotassium iodide<br \/>\nPotassium Myristate<br \/>\nPPG-12\/SMDI Copolymer<br \/>\nPPG-15 stearyl ether<br \/>\nPPG-30<br \/>\npropanediol<br \/>\nPropyl Gallate<br \/>\npropylene carbonate<br \/>\npropylene glycol<br \/>\npropylene glycol alginate<br \/>\nPropylheptyl Caprylate<br \/>\npropylparaben<br \/>\nProvidone (see polyvinylpyrrolidone)<br \/>\nPTFE (teflon)<br \/>\npvp\/eicosene copolymer<br \/>\npvp\/va copolymer<br \/>\nQuaternium 87<br \/>\nQuaternium 95 (and) 1,3 Propanediol<br \/>\nquaternium-15<br \/>\nquaternium-18<br \/>\nRicinoleylpropyl PG-Dimonium Chloride Phosphate<br \/>\nSilanetriol<br \/>\nSilica Dimethyl Silylate<br \/>\nsilica silylate<br \/>\nsilver citrate<\/div>\n<\/div>\n<div>\n<div class=\"three-col\">silver dihydrogen citrate<br \/>\nsimethicone<br \/>\nsoapstone (see talc)<br \/>\nsodium acrylate<br \/>\nsodium bisulfite<br \/>\nSodium C14-16 Olefin Sulfonate<br \/>\nsodium cetearyl sulfate<br \/>\nSodium coco-sulfate<br \/>\nsodium cocoyl sulfate<br \/>\nSodium Dodecylbenzene Sulfonate<br \/>\nSodium Erythorbate<br \/>\nSodium fluoride<br \/>\nsodium hydroxymethylglycinate<br \/>\nsodium isostearoyl lactylate<br \/>\nsodium laureth sulfate<br \/>\nSodium Lauroyl Methyl Isethionate<br \/>\nSodium Lauryl Glucosideoxyacetate<br \/>\nsodium lauryl sulfate<br \/>\nSodium lauryl sulfoacetate<br \/>\nsodium lauryl sulfoacetate<br \/>\nSodium metabisulfite<br \/>\nSodium Methyl Oleoyl Taurate<br \/>\nsodium myreth sulfate<br \/>\nSodium PEG-7 Olive Oil Carboxylate<br \/>\nsodium polyacrylate<br \/>\nSodium sulfate<br \/>\nsodium sulfite<br \/>\nSodium Trideceth Sulfate<br \/>\nsorbitan isostearate<br \/>\nsoyamide DEA<br \/>\nsoyamidopropalkonium chloride<br \/>\nstearamidopropyl dimethyl amine<br \/>\nSteardimonium<br \/>\nSteardimonium Chloride<br \/>\nStearoxytrimethylsilane<br \/>\nstyrene-pvp copolymer<br \/>\nStyrene\/acrylates copolymer<br \/>\nSulfated Castor Oil<br \/>\nSynthetic Beeswax<br \/>\nsynthetic fragrance<br \/>\nSynthetic Wax<br \/>\ntalc<br \/>\ntallow<br \/>\nTEA-Carbomer<br \/>\nTEA-Lauryl Sulfate<br \/>\nTetrahexyldecyl Ascorbate<br \/>\nTetrahydroxypropyl Ethylenediamine<br \/>\ntetrasodium EDTA<br \/>\nTetrasodium N,N-bis(carboxymethyl) L- Glutamate<br \/>\ntin oxide<br \/>\nTri Alkyl Citrate<br \/>\ntribehenin<br \/>\nTriclosan<br \/>\nTrideceth-12<br \/>\nTridecyl Neopentanoate<br \/>\ntridecyl salicylate<br \/>\ntriethanolamine (TEA)<br \/>\ntriethoxycarpylysilane<br \/>\nTriethylhexanoin<br \/>\nTrihydroxystearin<br \/>\ntrimethylsiloxysilicate<br \/>\ntrisodium EDTA (see tetrasodium EDTA)<br \/>\nTrisodium ethylenediamine disuccinate<br \/>\ntromethamine stearate<br \/>\ntropolone<br \/>\nUltramarines<br \/>\nurea<br \/>\nvanillin<br \/>\nVanillyl Butyl Ether<br \/>\nWater Caprolactam\/VP\/Dimethylaminoethyl Methacrylate Copolymer<br \/>\nWheat germamidopropyl betaine<br \/>\nWheatgermamidopropyl Dimethylamine<br \/>\nZinc pyrithione<\/div>\n<\/div>\n<\/div>\n","protected":false},"excerpt":{"rendered":"<p>LISTA DE INGREDIENTES T\u00d3XICOS EN MAQUILLAJE Y COSM\u00c9TICA \u00c9sta es la lista actualizada y completa de todos los ingredientes t\u00f3xicos habitualmente usados en la cosm\u00e9tica convencional. Inspecciona las f\u00f3rmulas: un producto BIO, con el sello Ecocert o un sello org\u00e1nico reconocido no debe contenerlos. La lista est\u00e1 en ingl\u00e9s pues la maor\u00eda de listas de&hellip; <a class=\"more-link\" href=\"https:\/\/bioherbarium.com\/blog\/ingredientes-toxicos-cosmetica\/\">Seguir leyendo <span class=\"screen-reader-text\">INGREDIENTES T\u00d3XICOS EN COSM\u00c9TICA<\/span><\/a><\/p>\n","protected":false},"author":1,"featured_media":0,"parent":0,"menu_order":0,"comment_status":"closed","ping_status":"closed","template":"","meta":[],"_links":{"self":[{"href":"https:\/\/bioherbarium.com\/blog\/wp-json\/wp\/v2\/pages\/2709"}],"collection":[{"href":"https:\/\/bioherbarium.com\/blog\/wp-json\/wp\/v2\/pages"}],"about":[{"href":"https:\/\/bioherbarium.com\/blog\/wp-json\/wp\/v2\/types\/page"}],"author":[{"embeddable":true,"href":"https:\/\/bioherbarium.com\/blog\/wp-json\/wp\/v2\/users\/1"}],"replies":[{"embeddable":true,"href":"https:\/\/bioherbarium.com\/blog\/wp-json\/wp\/v2\/comments?post=2709"}],"version-history":[{"count":9,"href":"https:\/\/bioherbarium.com\/blog\/wp-json\/wp\/v2\/pages\/2709\/revisions"}],"predecessor-version":[{"id":2953,"href":"https:\/\/bioherbarium.com\/blog\/wp-json\/wp\/v2\/pages\/2709\/revisions\/2953"}],"wp:attachment":[{"href":"https:\/\/bioherbarium.com\/blog\/wp-json\/wp\/v2\/media?parent=2709"}],"curies":[{"name":"wp","href":"https:\/\/api.w.org\/{rel}","templated":true}]}}