{"id":2915,"date":"2018-04-24T14:55:00","date_gmt":"2018-04-24T12:55:00","guid":{"rendered":"https:\/\/bioherbarium.com\/blog\/?page_id=2915"},"modified":"2021-12-11T19:52:18","modified_gmt":"2021-12-11T18:52:18","slug":"maquillaje-sin-toxicos","status":"publish","type":"page","link":"https:\/\/bioherbarium.com\/blog\/maquillaje-sin-toxicos\/","title":{"rendered":"MAQUILLAJE SIN T\u00d3XICOS"},"content":{"rendered":"<h2>\u00bfSABES LO QUE TE PONES EN LOS LABIOS? \u00a1Aver\u00edgualo!<\/h2>\n<h2>En negrita ver\u00e1s el ingrediente clean &amp; green que usa la cosm\u00e9tica Bio como sustituto<\/h2>\n<p><a>TALCO: Presente en labiales y polvos, el talco es potencialmente t\u00f3xico por inhalaci\u00f3n<\/a><\/p>\n<p><strong>POLVOS VEGETALES Y MINERALES: Polvos de arroz y otros vegetales y polvos de plata mirconizada sustituyen al talco en el maquillaje Bio<\/strong><\/p>\n<p><a>CARM\u00cdN:: No es peligroso pero no es muy agradable saber que el carm\u00edn se obtiene de triturar esos insectos llamados cochinillas&#8230;<\/a><\/p>\n<p><strong>La Cosm\u00e9tica Bio usa FITOPIGMENTOS y PIGMENTOS MINERALES de donde se obtienen rojos vibrantes<\/strong><\/p>\n<p><a>ACETATO DE PLOMO: Reseca los labios y su neurotoxicidad ha sido cl\u00ednicamente probada en muerosas ocasiones<\/a><\/p>\n<p><a href=\"http:\/\/bioherbarium.com\/blog\/maquillaje-sin-toxicos\/\">DIBUTILFTALATO (DBP): Adem\u00e1s de en cosm\u00e9tica convencional, se usa en la industria como plastificante. Es un reconocido disruptor hormonal<\/a><\/p>\n<p><a>PLANTAS DE LA AGRICULTURA INTENSIVA Y OGM: La agricultura intensiva usa pesticidas y fertilizantes de riesgo. Los OGM son plantas gen\u00e9ticamente modificadas<\/a><\/p>\n<p><strong>FITOPIGMENTOS: Numerosos pigmentos extra\u00eddos de plantas crean vibrantes colores sin necesidad de usar plomo<\/strong><\/p>\n<p><a>DIBUTILFTALATO (DBP): Adem\u00e1s de en cosm\u00e9tica convencional, se usa en la industria como plastificante. Es un reconocido disruptor hormonal<\/a><\/p>\n<p><strong>ACEITES Y GLICERINAS VEGETALES: La cosm\u00e9tica Bio usa para dar textura solventes como la glicerina vegetal y los aceites vegetales<\/strong><\/p>\n<p><a>TRICLOSAN: Usado en cosm\u00e9tica convencional como antibacteriano, su uso indiscriminado se asocia a disrupci\u00f3n endocrina y a resistencia a antibi\u00f3ticos<\/a><\/p>\n<p><strong>EXTRACTOS DE BAMB\u00da, ACEITE DE COCO, y otros Ingredientes naturales que consiguen el mismo poder antibacteriano sin sus efectos perniciosos<\/strong><\/p>\n<p><a>MICROPL\u00c1STICOS: Muy usados en maquillaje convencional, su uso altamente asociado a la contaminaci\u00f3nn de los oc\u00e9anos y fauna marina<\/a><\/p>\n<p><strong>La Cosm\u00e9tica Bio usa en lugar de micropl\u00e1sticos ingredientes biodegradables derivados del ma\u00edz no transg\u00e9nico o de las semillas de jojoba<\/strong><\/p>\n<p><a>PARAFINAS: Muy usadas en maquillaje convencional por su bajo precio, las parafinas son hidrocarburos derivados del petr\u00f3leo y potenciales cancer\u00edgenos<\/a><\/p>\n<p><strong>En lugar de las parafinas, la cosm\u00e9tica Bio usa ceras veganas como la cera de carna\u00faba, y tambi\u00e9n mantecas de jojoba y karit\u00e9<\/strong><\/p>\n<p><a>PEG&#8217;S: De probado poder carcinog\u00e9nico, los PEG&#8217;S son todav\u00eda muy usados en muchos productos de cosm\u00e9tica convencional<\/a><\/p>\n<p><strong>La Cosm\u00e9tica Bio usa emulsiifcantes alternativos a los PEG\u2019S derivados del pet\u00f3leo, como el estearato de glicerilo, un emoliente suavizante de origen bot\u00e1nico<\/strong><\/p>\n<p><a>TEA (trietanolamina): Es una amina usada para estabilizar el ph. Se considera potencialmente carcinog\u00e9nica, as\u00ed como causante de irritaciones y dermatitis<\/a><\/p>\n<p><strong>La Cosm\u00e9tica Bio usa \u00c1cido C\u00edtrico e Hidr\u00f3xido de Sodio de grado alimentario para regular el ph de los productos en lugar de TEA, DEA y otras aminas<\/strong><\/p>\n","protected":false},"excerpt":{"rendered":"<p>\u00bfSABES LO QUE TE PONES EN LOS LABIOS? \u00a1Aver\u00edgualo! En negrita ver\u00e1s el ingrediente clean &amp; green que usa la cosm\u00e9tica Bio como sustituto TALCO: Presente en labiales y polvos, el talco es potencialmente t\u00f3xico por inhalaci\u00f3n POLVOS VEGETALES Y MINERALES: Polvos de arroz y otros vegetales y polvos de plata mirconizada sustituyen al talco&hellip; <a class=\"more-link\" href=\"https:\/\/bioherbarium.com\/blog\/maquillaje-sin-toxicos\/\">Seguir leyendo <span class=\"screen-reader-text\">MAQUILLAJE SIN T\u00d3XICOS<\/span><\/a><\/p>\n","protected":false},"author":1,"featured_media":0,"parent":0,"menu_order":0,"comment_status":"closed","ping_status":"closed","template":"","meta":[],"_links":{"self":[{"href":"https:\/\/bioherbarium.com\/blog\/wp-json\/wp\/v2\/pages\/2915"}],"collection":[{"href":"https:\/\/bioherbarium.com\/blog\/wp-json\/wp\/v2\/pages"}],"about":[{"href":"https:\/\/bioherbarium.com\/blog\/wp-json\/wp\/v2\/types\/page"}],"author":[{"embeddable":true,"href":"https:\/\/bioherbarium.com\/blog\/wp-json\/wp\/v2\/users\/1"}],"replies":[{"embeddable":true,"href":"https:\/\/bioherbarium.com\/blog\/wp-json\/wp\/v2\/comments?post=2915"}],"version-history":[{"count":154,"href":"https:\/\/bioherbarium.com\/blog\/wp-json\/wp\/v2\/pages\/2915\/revisions"}],"predecessor-version":[{"id":4049,"href":"https:\/\/bioherbarium.com\/blog\/wp-json\/wp\/v2\/pages\/2915\/revisions\/4049"}],"wp:attachment":[{"href":"https:\/\/bioherbarium.com\/blog\/wp-json\/wp\/v2\/media?parent=2915"}],"curies":[{"name":"wp","href":"https:\/\/api.w.org\/{rel}","templated":true}]}}